{"id":1839,"date":"2018-06-25T18:08:07","date_gmt":"2018-06-25T18:08:07","guid":{"rendered":"https:\/\/www.ugnisgyvenimui.lt\/straipsniai\/?page_id=1839"},"modified":"2018-06-28T16:03:11","modified_gmt":"2018-06-28T16:03:11","slug":"privatumo-politika","status":"publish","type":"page","link":"https:\/\/ugnisgyvenimui.lt\/straipsniai\/privatumo-politika\/","title":{"rendered":"Privatumo politika"},"content":{"rendered":"<p>Ugnisgyvenimui.lt itin vertina ir saugo klient\u0173 privatum\u0105, tod\u0117l \u0161ioje Privatumo ir slapuk\u0173 politikoje\u00a0 ai\u0161kiai ir skaidriai pateikiame m\u016bs\u0173 interneto svetain\u0117je taikomus informacijos rinkimo ir naudojimo principus, taip pat ir kit\u0105 informacij\u0105 apie Ugnisgyvenimui.lt nuostatas ir principus u\u017etikrinant asmens duomen\u0173 apsaug\u0105.<\/p>\n<p>Tvarkydami asmens duomenis vadovaujam\u0117s Europos S\u0105jungos Duomen\u0173 apsaugos reglamento Nr. 2016\/679, Lietuvos Respublikos asmens duomen\u0173 teisin\u0117s apsaugos \u012fstatymo, Lietuvos Respublikos elektronini\u0173 ry\u0161i\u0173 \u012fstatymo, kit\u0173 susijusi\u0173 teis\u0117s akt\u0173 reikalavimais bei kontroliuojan\u010di\u0173 institucij\u0173 nurodymais.<\/p>\n<h2>KAS MES ESAME<\/h2>\n<hr \/>\n<p>M\u016bs\u0173 tinklalapio adresas yra: https:\/\/Ugnisgyvenimui.lt<\/p>\n<p><em>J\u016bs\u0173 asmens duomen\u0173 valdytojas yra:<\/em><\/p>\n<p>UAB \u201eKROSNYS IR KROSNEL\u0116S\u201c<br \/>\n\u012emon\u0117s kodas: 159910924<br \/>\nMob.:8 6988 0655<br \/>\nruta@krosneles.lt<\/p>\n<p>&nbsp;<\/p>\n<h2>KOKIUS ASMENINIUS DUOMENIS MES RENKAME IR KOD\u0116L TAI DAROME<\/h2>\n<hr \/>\n<h3>\u201eGAUTI PASI\u016aLYM\u0104\u201c\u00a0 U\u017dKLAUSOS FORMA<\/h3>\n<p>Svetain\u0117je turite galimyb\u0119 gauti pasi\u016blym\u0105 i\u0161siun\u010diant mums \u017einut\u0119 . J\u016bs\u0173 kreipimosi duomenis (vardas, el. pa\u0161to adresas, telefono Nr., \u017einut\u0117s turinys) tvarkome siekdami sureaguoti \u012f J\u016bs\u0173 kreipim\u0105si. \u0160i\u0173 duomen\u0173 tvarkymo teisinis pagrindas \u2013 J\u016bs\u0173 sutikimas su mumis susisiekti.<\/p>\n<h3>POP\u2019UP FORMA<\/h3>\n<p>https:\/\/Ugnisgyvenimui.lt naudojasi tre\u010diosios \u0161alies \u201eMailerLite\u201c paslaugomis kurioje turite galimyb\u0119 gauti pasi\u016blym\u0105 i\u0161siun\u010diant mums \u017einut\u0119. J\u016bs\u0173 kreipimosi duomenis (vardas, el. pa\u0161tas, telefono nr.) tvarkome siekdami sureaguoti \u012f J\u016bs\u0173 kreipim\u0105si. \u0160i\u0173 duomen\u0173 tvarkymo teisinis pagrindas \u2013 J\u016bs\u0173 sutikimas su mumis susisiekti.<\/p>\n<h3>NAUJIENLAI\u0160KIO FORMA<\/h3>\n<p>https:\/\/Ugnisgyvenimui.lt naudojasi tre\u010diosios \u0161alies \u201eMailerLite\u201c paslaugomis naujienlai\u0161ki\u0173 pirk\u0117jams siuntimui.\u00a0 \u0160iuo atveju tre\u010dioji \u0161alis MailerLite s\u0117kmingam naujienlai\u0161kio i\u0161siuntimui naudoja tik pirk\u0117jo el. pa\u0161to adres\u0105. Siun\u010diam\u0173 naujienlai\u0161ki\u0173 pirk\u0117jas visada gali atsisakyti paspausdamas \u201eAtsisakyti naujienlai\u0161kio\u201c mygtuk\u0105 bet kuriame gautame naujienlai\u0161kyje.\u00a0 \u0160i\u0173 duomen\u0173 tvarkymo teisinis pagrindas \u2013 J\u016bs\u0173 sutikimas su mumis susisiekti.<\/p>\n<h3>SLAPUKAI (COOKIES)<\/h3>\n<p>Kad svetain\u0117 tinkamai veikt\u0173, \u012f J\u016bs\u0173 \u012frengin\u012f \u012fra\u0161ome ma\u017eas duomen\u0173 rinkmenas, vadinamas slapukais. T\u0105 pat\u012f daro dauguma interneto svetaini\u0173.<\/p>\n<p>Slapukas yra nedidel\u0117 teksto rinkmena, kuri apsilankius svetain\u0117je i\u0161saugoma j\u016bs\u0173 \u012frenginyje. D\u0117l jo interneto svetain\u0117 gali tam tikr\u0105 laik\u0105 \u201eatsiminti\u201c j\u016bs\u0173 veiksmus ir parinktis (pvz., registracijos vard\u0105, kalb\u0105, IP adres\u0105, \u0161rifto dyd\u012f ir kitas rodymo parinktis), o jums nereikia j\u0173 i\u0161 naujo \u012fvedin\u0117ti kaskart lankantis svetain\u0117je ar nar\u0161ant \u012fvairiuose jos puslapiuose. Slapukai taip pat padeda surinkti statistin\u0119 informacij\u0105 apie svetain\u0117s lankomum\u0105.<\/p>\n<p>Slapukai \u012fra\u0161omi tik, jeigu J\u016bs i\u0161\u0161okan\u010diame svetain\u0117s prane\u0161ime patvirtinate savo sutikim\u0105, i\u0161skyrus b\u016btinuosius ir techninius slapukus, kurie reikalingi m\u016bs\u0173 paslaugoms teikti.<\/p>\n<h3>TECHNINIAI SLAPUKAI<\/h3>\n<p>Techniniai slapukai u\u017etikrina, kad Jums davus sutikim\u0105 to nereik\u0117s daryti pakartotinai kiekvien\u0105 kart\u0105 Jums besilankant m\u016bs\u0173 interneto svetain\u0117je ar mobiliojoje aplikacijoje.<\/p>\n<p>Naudojami gdpr[consent_types], gdpr[allowed_cookies], gdpr[privacy_bar] slapukai kurie galioja \u2013 1 metus, jie nesaugo asmenini\u0173 duomen\u0173. U\u017etikrina, kad Jums davus sutikim\u0105 to nereik\u0117s daryti pakartotinai kiekvien\u0105 kart\u0105 Jums besilankant m\u016bs\u0173 interneto svetain\u0117je.<\/p>\n<p>Slapuk\u0173 naudojimo teisinis pagrindas \u2013 m\u016bs\u0173 teis\u0117ti interesai u\u017etikrinti technin\u012f svetain\u0117s funkcionalum\u0105.<\/p>\n<h3>STATISTIKOS \/ MARKETINGO SLAPUKAI<\/h3>\n<p><strong>Google analitics slapukai<\/strong><\/p>\n<p>\u201eGoogle Analytics\u201c \u012frank\u012f suteikia JAV \u012fmon\u0117 \u201eGoogle Inc.\u201c, tad ji taip pat turi prieig\u0105 prie \u0161iuo \u012frankiu surinkt\u0173 statistini\u0173 duomen\u0173. \u201eGoogle Inc.\u201c yra \u012fsipareigojusi taikyti ES-JAV Privatumo skydo principus, kurie u\u017etikrina, kad paslaug\u0173 teik\u0117jas atitinka ES privatumo standart\u0173 reikalavimus. \u0160iam teik\u0117jui taip pat taikomi sutartiniai \u012fpareigojimai u\u017etikrinti privatum\u0105. Apie tai galite paskaityti\u00a0<a href=\"https:\/\/www.google.com\/analytics\/terms\/dpa\/dataprocessingamendment_20160909.html\">\u010dia<\/a><\/p>\n<p>_ga (galioja 2 metus), _gid (24 valandas), _gat (1 minut\u0119), AMP_token (nuo 30 sekund\u017ei\u0173 iki 1 met\u0173), _gac_&lt;property-id&gt; (90 dien\u0173) \u2013<\/p>\n<p>Tai slapukai, kurie pagal lankytojo nar\u0161ymo svetain\u0117je istorij\u0105 pritaiko lankytojui internete rodom\u0105 reklam\u0105, fiksuoja statistik\u0105 apie svetain\u0117s lankomum\u0105, apsilankym\u0173 trukm\u0119, nar\u0161ymo keli\u0105. \u0160ie slapukai n\u0117ra \u012fjungiami, iki kol nepateikiate sutikimo<\/p>\n<p><a href=\"https:\/\/developers.google.com\/analytics\/devguides\/collection\/analyticsjs\/cookie-usage\" target=\"_blank\" rel=\"noopener\">Pla\u010diau<\/a><\/p>\n<p><strong>Mailer lite<\/strong><\/p>\n<p>mailerlite:webform: (galioja iki 2 met\u0173)<\/p>\n<p>Tai slapukai, kurie pagal lankytojo nar\u0161ymo svetain\u0117je istorij\u0105 pritaiko lankytojui internete rodom\u0105 reklam\u0105, pateikia reklamines pop\u2019up formas.\u00a0 \u0160ie slapukai n\u0117ra \u012fjungiami, iki kol nepateikiate sutikimo<\/p>\n<p><a href=\"https:\/\/www.mailerlite.com\/privacy-policy\">Pla\u010diau<\/a><\/p>\n<p>Statistikos \/ marketingo slapuk\u0173 naudojimo teisinis pagrindas, slapukai naudojami J\u016bs\u0173 parinktims \u012fsiminti, statistiniais ir rinkodaros tikslais \u2013 J\u016bs\u0173 sutikimas.<\/p>\n<h3><\/h3>\n<h3>I\u0160 KIT\u0172 TINKLALAPI\u0172 \u012eKELTAS TURINYS<\/h3>\n<p>\u0160iame tinklalapyje gali b\u016bti i\u0161 kit\u0173 tinklalapi\u0173 \u012fkelto turinio (pavyzd\u017eiui, video, paveiksl\u0117liai, tekstas ir pan.). Tokio \u012fkelto turinio per\u017ei\u016bra ir veiksmai su juo \u0161iame tinklalapyje prilygsta apsilankymui tuose tinklalapiuose, i\u0161 kuri\u0173 turinys yra \u012fkeltas.<\/p>\n<p>\u0160ie tinklalapiai gali rinkti duomenis apie Jus, naudoti slapukus (cookies), tre\u010di\u0173j\u0173 \u0161ali\u0173 sekimo paslaugas ir steb\u0117ti J\u016bs\u0173 veiksmus su \u012fkeltu turiniu, \u012fskaitant ir tuos atvejus, kai turite paskyr\u0105 ir esate prisijung\u0119s prie min\u0117t\u0173 tinklalapi\u0173 (pvz., Facebook, Youtube, Google in pan).<\/p>\n<p>\u201eFacebook\u201c privatumo politika\u00a0<a href=\"https:\/\/www.facebook.com\/full_data_use_policy\">\u010dia<\/a><\/p>\n<p>\u201eYoutube\u201c privatumo politika\u00a0<a href=\"https:\/\/www.youtube.com\/static?gl=LT&amp;template=terms\">\u010dia<\/a><\/p>\n<p>\u201eGoogle\u201c\u00a0 privatumo politika\u00a0<a href=\"https:\/\/policies.google.com\/privacy?hl=lt\">\u010dia<\/a><\/p>\n<p>\u201eMailer Lite\u201c privatumo politika\u00a0\u00a0<a href=\"https:\/\/www.mailerlite.com\/privacy-policy\" target=\"_blank\" rel=\"noopener\">\u010dia<\/a><\/p>\n<h3><\/h3>\n<h3>KAIP GALIU VALDYTI SLAPUK\u0172 NUSTATYMUS?<\/h3>\n<p>Prane\u0161imo lauke pasirinkus \u201ePrivatumo nuostatos\u201c arba Puslapyje \u201eAsmenin\u0117 informacija\u201c pasirinkus \u201ePrivatumo nuostatos\u201c, galite \u012fjungti \u2013 i\u0161jungti statistikos \/ marketingo slapukus.<\/p>\n<p>Slapukus galite valdyti ir per savo naudojamos nar\u0161ykl\u0117s nustatymus pasirinkdami, kuriuos slapukus norite priimti ir kuriuos i\u0161trinti. Slapuk\u0173 galite atsisakyti bet kuriuo metu i\u0161trindami slapukus i\u0161 savo nar\u0161ykl\u0117s, kurioje jie yra \u012fdiegti. Slapuk\u0173 valdymo vieta priklauso nuo J\u016bs\u0173 naudojamos nar\u0161ykl\u0117s. Nor\u0117dami daugiau su\u017einoti kaip tvarkyti ar pa\u0161alinti J\u016bs\u0173 nar\u0161ykl\u0117je \u012fdiegtus slapukus, apsilankykite J\u016bs\u0173 naudojamos nar\u0161ykl\u0117s interneto puslapyje arba per\u017ei\u016br\u0117kite trump\u0105 instrukcij\u0105 populiariausioms nar\u0161ykl\u0117ms \u010dia:\u00a0<a href=\"https:\/\/support.google.com\/chrome\/answer\/95647?co=GENIE.Platform%3DDesktop&amp;hl=lt\">Chrome<\/a>;\u00a0<a href=\"https:\/\/support.mozilla.org\/lt\/kb\/Slapuk%C5%B3%20valdymas\">Mozilla<\/a>,\u00a0<a href=\"https:\/\/support.microsoft.com\/lt-lt\/help\/10607\/microsoft-edge-view-delete-browser-history\">Edge<\/a>;\u00a0<a href=\"https:\/\/support.apple.com\/kb\/ph21411?locale=en_US\">Safari<\/a>;\u00a0<a href=\"https:\/\/www.opera.com\/help\/tutorials\/security\/privacy\/\">Opera<\/a>.<\/p>\n<h3><\/h3>\n<h3>STATISTIKA<\/h3>\n<p>Mes nuolat tobuliname interneto svetain\u0119 ir siekiame, kad naudotis m\u016bs\u0173 svetaine b\u016bt\u0173 kuo papras\u010diau ir patogiau. Tam turime \u017einoti, kokia informacija labiausiai domina m\u016bs\u0173 svetain\u0117s lankytojus, koki\u0105 nar\u0161ykl\u0119 jie naudoja, kokiu svetain\u0117s turiniu domisi ir pan.<\/p>\n<p>\u0160i\u0105 informacij\u0105 renkame naudodami Google Analytics \u012frankius, kurie leid\u017eia fiksuoti ir analizuoti kaip svetain\u0117s lankytojai naudojasi svetaine. Daugiau apie Google Analytics ir informacij\u0105, kuri\u0105 \u0161ie \u012frankiai leid\u017eia rinkti, galite su\u017einoti\u00a0<a href=\"https:\/\/support.google.com\/analytics\/answer\/1012034?hl=lt&amp;ref_topic=6157800.\" target=\"_blank\" rel=\"noopener\">\u010dia<\/a><\/p>\n<p>Jeigu pageidaujate, kad Google Analytics \u012frankiai nefiksuot\u0173 informacijos apie j\u016bs\u0173 nar\u0161ym\u0105 internete, galite panaudoti \u201eGoogle Analytics\u201c atsisakymo nar\u0161ykl\u0117s papildin\u012f arba nesutikti su privatumo nuostatomis arba\u00a0 atsisakyti statistikos slapuk\u0173 Privatumo nuostat\u0173 lauke.<\/p>\n<p>Teisinis pagrindas tvarkyti min\u0117t\u0105 informacij\u0105 \u2013 m\u016bs\u0173 teis\u0117ti interesai gerinti svetain\u0117s veikim\u0105 ir m\u016bs\u0173 komercin\u0117s informacijos pasiekiamum\u0105.<\/p>\n<h2>SU KUO MES DALINAM\u0116S J\u016aS\u0172 DUOMENIMIS<\/h2>\n<hr \/>\n<p>J\u016bs\u0173 duomenis visada laikome saugiai ir reikalaujame, kad tai u\u017etikrint\u0173 visi m\u016bs\u0173 partneriai ir paslaug\u0173 teik\u0117jai, kurie turi prieig\u0105 prie J\u016bs\u0173 duomen\u0173.<br \/>\nJ\u016bs\u0173 duomenis gali per\u017ei\u016br\u0117ti:<br \/>\n\u2013 svetain\u0117s turinio talpinimo tiek\u0117jai<br \/>\n\u2013 rinkodaros paslaug\u0173 tiek\u0117jai<br \/>\n\u2013 projekto vystymo komanda<\/p>\n<h2>KAIP ILGAI MES SAUGOME J\u016aS\u0172 DUOMENIS<\/h2>\n<hr \/>\n<p>Duomenis, kuri\u0173 tvarkymui b\u016btinas J\u016bs\u0173 sutikimas arba gali b\u016bti pareik\u0161tas nesutikimas, nustojame tvarkyti \u0161iais tikslais po J\u016bs\u0173 sutikimo at\u0161aukimo (nesutikimo parei\u0161kimo).<br \/>\nStatistin\u0117 Google Analytics \u012frankiais ir kit\u0173 slapuk\u0173 pagalba surinkta informacija paprastai naudojama iki 3 met\u0173. Kadangi dal\u012f \u0161ios informacijos gali i\u0161trinti tik m\u016bs\u0173 partneriai, jie nustato ir jos saugojimo terminus.<\/p>\n<p>Jei i\u0161siun\u010diate u\u017eklausimus per kontakt\u0173 formas, duomenys keliauja \u012f domus@krosneles.lt, kurie saugomi iki administratoriaus per\u017ei\u016br\u0117jimo bei atsakymo \u012f u\u017eklausim\u0105.<\/p>\n<p>Jei u\u017epildote pop\u2019up form\u0105, J\u016bs\u0173 duomenis \u012fra\u0161o \u012f tre\u010diosios \u0161alies\u00a0 program\u0105\u00a0 \u2018Mailer lite\u2019\u00a0 Jie saugomi pagal \u2018Mailer lite\u201c privatumo nuostatas.\u00a0\u00a0<a href=\"https:\/\/www.mailerlite.com\/privacy-policy\" target=\"_blank\" rel=\"noopener\">Pla\u010diau<\/a><\/p>\n<p>Jei u\u017epildote naujienlai\u0161kio forma, J\u016bs\u0173 duomenis \u012fra\u0161o \u012f tre\u010diosios \u0161alies\u00a0 program\u0105\u00a0 \u2018Mailer lite\u2019\u00a0 Jie saugomi pagal \u2018Mailer lite\u201c privatumo nuostatas.\u00a0\u00a0<a href=\"https:\/\/www.mailerlite.com\/privacy-policy\" target=\"_blank\" rel=\"noopener\">Pla\u010diau<\/a><\/p>\n<p><strong><b>Kokie J\u016bs\u0173 asmens duomenys naudojami prekybos salone:<\/b><\/strong><\/p>\n<p><strong><b>\u2013 Elektroninio pa\u0161to adresas, kuriuo galima i\u0161si\u0173sti Jums pasi\u016blymus ar informacij\u0105.<\/b><\/strong><\/p>\n<p><strong><b>\u2013 Kontaktinis telefono numeris d\u0117l greitesn\u0117s technin\u0117s konsultacijos.<\/b><\/strong><\/p>\n<p><strong><b>\u2013 Objekto adresas, kuris reikalingas prek\u0117s pristatymui ir sumontavimui, garantinei prie\u017ei\u016brai ir tolimesniam servisui.<\/b><\/strong><\/p>\n<p><strong><b>Pra\u0117jus kalendoriniems metams, visi si\u0173sti ir gauti lai\u0161kai i\u0161trinami i\u0161 kompiuterio<\/b><\/strong>.<\/p>\n<h2>J\u016aS\u0172 TEIS\u0116S<\/h2>\n<hr \/>\n<p>Jei J\u016bs turite paskyr\u0105 \u0161iame tinklalapyje, arba kada nors ra\u0161\u0117te \u010dia komentar\u0105, galite reikalauti gauti duomen\u0173 eksporto fail\u0105 su visais asmeniniais duomenimis, kuriuos mes turime apie Jus, \u012fskaitant ir tuos, kuriuos pats mums pateik\u0117te. J\u016bs taip pat galite reikalauti, kad mes i\u0161trintume visus m\u016bs\u0173 turimus J\u016bs\u0173 asmeninius duomenis. Galite tai atlikti puslapyje\u00a0<a href=\"https:\/\/www.krosneles.lt\/asmenine-informacija\/\">\u201eAsmenin\u0117 informacija\u201c<\/a>\u00a0arba kreiptis \u012f asmens duomen\u0173 valdytoj\u0105. \u0160ie abu reikalavimai negalioja duomenims, kuriuos mes privalome i\u0161saugoti pagal \u012fstatym\u0105 administraciniams, teisiniams ar saugumo tikslams.<\/p>\n<h2><\/h2>\n<h2>KAIP GALIU I\u0160TRINTI SAVO DUOMENIS<\/h2>\n<hr \/>\n<p>Puslapyje\u00a0<a href=\"https:\/\/www.krosneles.lt\/asmenine-informacija\/\">\u201eAsmenin\u0117 informacija<\/a>\u201c laukelyje \u201eI\u0161trinti duomenis\u201c bei patvirtinus gaut\u0105 u\u017eklaus\u0105 el.pa\u0161te arba informavus el.pa\u0161tu ruta@krosneles.lt.\u00a0 Duomenis i\u0161tinsime per 30 d.d.<\/p>\n<h2><\/h2>\n<h2>KAIP GALIU I\u0160TAISYTI SAVO DUOMENIS<\/h2>\n<hr \/>\n<p>Puslapyje\u00a0<a href=\"https:\/\/www.krosneles.lt\/asmenine-informacija\/\">\u201eAsmenin\u0117 informacija<\/a>\u201c laukelyje \u201eI\u0161taisyti duomenis\u201c bei patvirtinus gaut\u0105 u\u017eklaus\u0105 el.pa\u0161te, arba informavus el.pa\u0161tu ruta@krosneles.lt.\u00a0 Duomenis i\u0161taisysime per 30 d.d.<\/p>\n<h2><\/h2>\n<h2>KAIP GALIU PATEIKTI SKUND\u0104<\/h2>\n<hr \/>\n<p>Puslapyje\u00a0<a href=\"https:\/\/www.krosneles.lt\/asmenine-informacija\/\">\u201eAsmenin\u0117 informacija<\/a>\u201c laukelyje \u201ePateikti skund\u0105 \u201c bei patvirtinus gaut\u0105 u\u017eklaus\u0105 el.pa\u0161te, arba informavus el.pa\u0161tu ruta@krosneles.lt.\u00a0 Atsakysime \u012f skund\u0105 per 30 d.d.<\/p>\n<h2><\/h2>\n<h2>KAIP GALIU SU\u017dINOTI KOKIUS DUOMENIS APIE MANE SAUGOTE<\/h2>\n<hr \/>\n<p>Informavus el.pa\u0161tu ruta@krosneles.lt.\u00a0 Atsakysime per 30 d.d.<\/p>\n<h2><\/h2>\n<h2>KAIP MES SAUGOME J\u016aS\u0172 DUOMENIS<\/h2>\n<hr \/>\n<p>J\u016bs\u0173 duomenis visada laikome saugiai ir reikalaujame, kad tai u\u017etikrint\u0173 visi m\u016bs\u0173 partneriai ir paslaug\u0173 teik\u0117jai, kurie turi prieig\u0105 prie J\u016bs\u0173 duomen\u0173.<\/p>\n<h2><\/h2>\n<h2>KOKIAS DUOMEN\u0172 APSAUGOS PROCED\u016aRAS MES NAUDOJAME<\/h2>\n<hr \/>\n<p>J\u016bs\u0173 Asmens duomenys tvarkomi atsakingai ir saugiai. Nustatydami asmens duomen\u0173 tvarkymo priemones, taip pat duomen\u0173 tvarkymo metu, \u012fgyvendiname tinkamas teis\u0117s aktuose nustatytas duomen\u0173 apsaugos technines ir organizacines priemones, skirtas apsaugoti J\u016bs\u0173 tvarkomus asmens duomenis nuo atsitiktinio ar neteis\u0117to sunaikinimo, sugadinimo, pakeitimo, praradimo, atskleidimo, taip pat nuo bet kokio kito neteis\u0117to tvarkymo.<\/p>\n<p>UAB \u201eKROSNYS IR KROSNEL\u0116S\u201c\u00a0 darbuotojai yra ra\u0161ti\u0161kai \u012fsipareigoj\u0119 tre\u010diosioms \u0161alims neatskleisti ir neplatinti darbo vietoje gaunamos informacijos apie bendrov\u0117s klientus, \u012fskaitant ir ugnisgyvenimui.lt svetain\u0117s lankytojus.<\/p>\n<p>Asmens duomen\u0173 saugumo priemon\u0117s nustatomos atsi\u017evelgiant \u012f rizikas, kurios kyla tvarkant asmens duomenis.<\/p>\n<h2>KOKIAS SVETAIN\u0116S APSAUGOS PROCED\u016aRAS MES NAUDOJAME<\/h2>\n<hr \/>\n<p><strong>Svetain\u0117je naudojamas Letsencrypt.org SSL sertifikatas<\/strong><\/p>\n<ul>\n<li>Patvirtinta svetain\u0117s tapatyb\u0117 (lankom\u0117s tikrojo domeno savininko svetain\u0117je, o ne esame nukreipti \u012f \u012fsilau\u017e\u0117li\u0173 padirbt\u0105 server\u012f)<\/li>\n<li>U\u017e\u0161ifruoti visi tarp serverio ir nar\u0161ykl\u0117s perduodami duomenys \u2013 (tinklo \u012fsilau\u017e\u0117liai nebegali j\u0173 nuskaityti).<\/li>\n<li>U\u017etikrintas duomen\u0173 vientisumas ir originalumas (pakeliui esantys mar\u0161rutizatoriai negali pakoreguoti ar cenz\u016bruoti persiun\u010diamos informacijos).<\/li>\n<\/ul>\n<p>Daugiau informacijos https:\/\/letsencrypt.org<\/p>\n<p><strong>Automatinis slapta\u017eod\u017eio keitimas kas 90 d.<\/strong><\/p>\n<p>Kas 30 darbo dien\u0173 TVS administratoriams ir valdytojams sistema automati\u0161kai reikalauja pakeisti slapta\u017eod\u012f.<\/p>\n<p><strong>Slapta\u017eod\u017eio saugumo vadovas<\/strong><\/p>\n<p>Jis skatina, kad visi, turintys prieig\u0105 prie savo paskyros, naudot\u0173 tvirtus slapta\u017eod\u017eius. Be to, siekiama laikytis OWASP 10 saugumo standarto<\/p>\n<p>&nbsp;<\/p>\n<h2>REGULIUOJAM\u0172 VEIKLOS SRI\u010cI\u0172 INFORMACIJA<\/h2>\n<hr \/>\n<p>Jei manote, kad J\u016bs\u0173 teis\u0117s \u012f privatum\u0105 buvo pa\u017eeistos, galite pateikti skund\u0105 Valstybinei asmens duomen\u0173 inspekcijai, A. Juozapavi\u010diaus g. 6, 09310 Vilnius, tel. (8 5) 271 2804, 279 1445, faks. (8 5) 261 9494, el. pa\u0161tas ada@ada.lt.<\/p>\n<p>&nbsp;<\/p>\n<h2>KAIP SU\u017dINOTI APIE \u0160IOS POLITIKOS PAKEITIMUS?<\/h2>\n<p>Ugnisgyvenimui.lt atnaujinus \u0161i\u0105 privatumo ir slapuk\u0173 politik\u0105, apie esminius pakeitimus informuosime paskelbdami prane\u0161im\u0105 interneto svetain\u0117je ugnisgyvenimui.lt<\/p>\n<p><i>Atnaujinta 2018-05-18<\/i><\/p>\n","protected":false},"excerpt":{"rendered":"<p>Ugnisgyvenimui.lt itin vertina ir saugo klient\u0173 privatum\u0105, tod\u0117l \u0161ioje Privatumo ir slapuk\u0173 politikoje\u00a0 ai\u0161kiai ir skaidriai pateikiame m\u016bs\u0173 interneto svetain\u0117je taikomus informacijos rinkimo ir naudojimo principus, taip pat ir kit\u0105 informacij\u0105 apie Ugnisgyvenimui.lt nuostatas ir principus u\u017etikrinant asmens duomen\u0173 apsaug\u0105. Tvarkydami asmens duomenis vadovaujam\u0117s Europos S\u0105jungos Duomen\u0173 apsaugos reglamento Nr. 2016\/679, Lietuvos Respublikos asmens duomen\u0173 [&hellip;]<\/p>\n","protected":false},"author":1,"featured_media":0,"parent":0,"menu_order":0,"comment_status":"closed","ping_status":"closed","template":"","meta":{"footnotes":""},"class_list":["post-1839","page","type-page","status-publish","hentry"],"_links":{"self":[{"href":"https:\/\/ugnisgyvenimui.lt\/straipsniai\/wp-json\/wp\/v2\/pages\/1839","targetHints":{"allow":["GET"]}}],"collection":[{"href":"https:\/\/ugnisgyvenimui.lt\/straipsniai\/wp-json\/wp\/v2\/pages"}],"about":[{"href":"https:\/\/ugnisgyvenimui.lt\/straipsniai\/wp-json\/wp\/v2\/types\/page"}],"author":[{"embeddable":true,"href":"https:\/\/ugnisgyvenimui.lt\/straipsniai\/wp-json\/wp\/v2\/users\/1"}],"replies":[{"embeddable":true,"href":"https:\/\/ugnisgyvenimui.lt\/straipsniai\/wp-json\/wp\/v2\/comments?post=1839"}],"version-history":[{"count":2,"href":"https:\/\/ugnisgyvenimui.lt\/straipsniai\/wp-json\/wp\/v2\/pages\/1839\/revisions"}],"predecessor-version":[{"id":1845,"href":"https:\/\/ugnisgyvenimui.lt\/straipsniai\/wp-json\/wp\/v2\/pages\/1839\/revisions\/1845"}],"wp:attachment":[{"href":"https:\/\/ugnisgyvenimui.lt\/straipsniai\/wp-json\/wp\/v2\/media?parent=1839"}],"curies":[{"name":"wp","href":"https:\/\/api.w.org\/{rel}","templated":true}]}}