{"id":2065,"date":"2024-12-11T05:56:23","date_gmt":"2024-12-11T05:56:23","guid":{"rendered":"https:\/\/ugnisgyvenimui.lt\/straipsniai\/?page_id=2065"},"modified":"2024-12-11T05:56:23","modified_gmt":"2024-12-11T05:56:23","slug":"apie-mus","status":"publish","type":"page","link":"https:\/\/ugnisgyvenimui.lt\/straipsniai\/apie-mus\/","title":{"rendered":"Apie mus"},"content":{"rendered":"\n<p>Koki\u0105 \u012ftak\u0105 ji daro gyvendama kartu su Jumis?<br>Kaip ji prisideda prie J\u016bs\u0173 kasdienyb\u0117s, kokybi\u0161ko poilsio, maisto ruo\u0161imo, interjero, jaukumo k\u016brimo, nam\u0173 \u0161ildymo?<br>Ugnis m\u016bs\u0173 gyvenim\u0105 daro mielesn\u012f. Bandysime kartu nagrin\u0117ti kaip saugiai, taupiai susidraugauti su ugnimi j\u016bs\u0173 namuose. Prisijunkite prie m\u016bs\u0173 jei ir Jums ugnis yra svarbus palydovas gyvenime.<br><br>Autorius UAB \u201eKROSNYS IR KROSNEL\u0116S\u201c<\/p>\n\n\n\n<p>Kontaktai <a href=\"https:\/\/www.krosneles.lt\/kontaktai\/\">https:\/\/www.krosneles.lt\/kontaktai\/<\/a><br>Pla\u010diau apie Ugnis gyvenimui <a href=\"https:\/\/ugnisgyvenimui.lt\/\">https:\/\/ugnisgyvenimui.lt\/<\/a><br>Facebook <a href=\"https:\/\/www.facebook.com\/ugnisgyvenimui.lt\">https:\/\/www.facebook.com\/ugnisgyvenimui.lt<\/a><\/p>\n","protected":false},"excerpt":{"rendered":"<p>Koki\u0105 \u012ftak\u0105 ji daro gyvendama kartu su Jumis?Kaip ji prisideda prie J\u016bs\u0173 kasdienyb\u0117s, kokybi\u0161ko poilsio, maisto ruo\u0161imo, interjero, jaukumo k\u016brimo, nam\u0173 \u0161ildymo?Ugnis m\u016bs\u0173 gyvenim\u0105 daro mielesn\u012f. Bandysime kartu nagrin\u0117ti kaip saugiai, taupiai susidraugauti su ugnimi j\u016bs\u0173 namuose. Prisijunkite prie m\u016bs\u0173 jei ir Jums ugnis yra svarbus palydovas gyvenime. Autorius UAB \u201eKROSNYS IR KROSNEL\u0116S\u201c Kontaktai https:\/\/www.krosneles.lt\/kontaktai\/Pla\u010diau [&hellip;]<\/p>\n","protected":false},"author":1,"featured_media":0,"parent":0,"menu_order":0,"comment_status":"closed","ping_status":"closed","template":"","meta":{"footnotes":""},"class_list":["post-2065","page","type-page","status-publish","hentry"],"_links":{"self":[{"href":"https:\/\/ugnisgyvenimui.lt\/straipsniai\/wp-json\/wp\/v2\/pages\/2065","targetHints":{"allow":["GET"]}}],"collection":[{"href":"https:\/\/ugnisgyvenimui.lt\/straipsniai\/wp-json\/wp\/v2\/pages"}],"about":[{"href":"https:\/\/ugnisgyvenimui.lt\/straipsniai\/wp-json\/wp\/v2\/types\/page"}],"author":[{"embeddable":true,"href":"https:\/\/ugnisgyvenimui.lt\/straipsniai\/wp-json\/wp\/v2\/users\/1"}],"replies":[{"embeddable":true,"href":"https:\/\/ugnisgyvenimui.lt\/straipsniai\/wp-json\/wp\/v2\/comments?post=2065"}],"version-history":[{"count":1,"href":"https:\/\/ugnisgyvenimui.lt\/straipsniai\/wp-json\/wp\/v2\/pages\/2065\/revisions"}],"predecessor-version":[{"id":2066,"href":"https:\/\/ugnisgyvenimui.lt\/straipsniai\/wp-json\/wp\/v2\/pages\/2065\/revisions\/2066"}],"wp:attachment":[{"href":"https:\/\/ugnisgyvenimui.lt\/straipsniai\/wp-json\/wp\/v2\/media?parent=2065"}],"curies":[{"name":"wp","href":"https:\/\/api.w.org\/{rel}","templated":true}]}}